{"id":62594,"date":"2019-01-13T22:54:09","date_gmt":"2019-01-13T21:54:09","guid":{"rendered":"https:\/\/kultur-radolfzell.de\/bulletin-dinformation\/"},"modified":"2024-03-27T13:25:38","modified_gmt":"2024-03-27T12:25:38","slug":"bulletin-dinformation","status":"publish","type":"page","link":"https:\/\/kultur-radolfzell.de\/fr\/bulletin-dinformation\/","title":{"rendered":"Bulletin d&rsquo;information"},"content":{"rendered":"<p>Notre \u00ab\u00a0Newsletter culturelle Radolfzell\u00a0\u00bb des institutions municipales <a href=\"https:\/\/kulturbuero-radolfzell.de\">Bureau de la culture<\/a>, <a href=\"https:\/\/milchwerk-radolfzell.de\">Milchwerk<\/a>, <a href=\"https:\/\/radolfzell-musikschule.de\">\u00c9cole de musique<\/a>, <a href=\"https:\/\/radolfzell-stadtbibliothek.de\">Biblioth\u00e8que municipale<\/a>, <a href=\"https:\/\/stadtmuseum-radolfzell.de\">Mus\u00e9e municipal<\/a> ainsi que d&rsquo;autres partenaires culturels.<\/p>\n<p>Avec ce service, nous voulons informer les citoyens de Radolfzell et les visiteurs de la diversit\u00e9 de l&rsquo;offre culturelle de la ville de Radolfzell.<\/p>\n<p>Qu&rsquo;il s&rsquo;agisse d&rsquo;un concert, d&rsquo;une exposition d&rsquo;art ou d&rsquo;un festival, nous vous informons sur les principaux \u00e9v\u00e9nements culturels de Radolfzell et de ses environs.<\/p>\n<p>Il est bien entendu possible de se d\u00e9sabonner de la newsletter \u00e0 tout moment.<\/p>\n<p>&nbsp;<\/p>\n","protected":false},"excerpt":{"rendered":"<p>Notre \u00ab\u00a0Newsletter culturelle Radolfzell\u00a0\u00bb des institutions municipales Bureau de la culture, Milchwerk, \u00c9cole de musique, Biblioth\u00e8que municipale, Mus\u00e9e municipal ainsi [&hellip;]<\/p>\n","protected":false},"author":1,"featured_media":0,"parent":0,"menu_order":0,"comment_status":"closed","ping_status":"closed","template":"page-layout1.php","meta":{"_price":"","_stock":"","_tribe_ticket_header":"","_tribe_default_ticket_provider":"","_ticket_start_date":"","_ticket_end_date":"","_tribe_ticket_show_description":"","_tribe_ticket_show_not_going":false,"_tribe_ticket_use_global_stock":"","_tribe_ticket_global_stock_level":"","_global_stock_mode":"","_global_stock_cap":"","_tribe_rsvp_for_event":"","_tribe_ticket_going_count":"","_tribe_ticket_not_going_count":"","_tribe_tickets_list":"[]","_tribe_ticket_has_attendee_info_fields":false,"footnotes":""},"class_list":["post-62594","page","type-page","status-publish","hentry"],"yoast_head":"<!-- This site is optimized with the Yoast SEO plugin v26.7 - https:\/\/yoast.com\/wordpress\/plugins\/seo\/ -->\n<title>Bulletin d&#039;information | Kultur Radolfzell<\/title>\n<meta name=\"robots\" content=\"index, follow, max-snippet:-1, max-image-preview:large, max-video-preview:-1\" \/>\n<link rel=\"canonical\" href=\"https:\/\/kultur-radolfzell.de\/fr\/bulletin-dinformation\/\" \/>\n<meta property=\"og:locale\" content=\"fr_FR\" \/>\n<meta property=\"og:type\" content=\"article\" \/>\n<meta property=\"og:title\" content=\"Bulletin d&#039;information | Kultur Radolfzell\" \/>\n<meta property=\"og:description\" content=\"Notre \u00ab\u00a0Newsletter culturelle Radolfzell\u00a0\u00bb des institutions municipales Bureau de la culture, Milchwerk, \u00c9cole de musique, Biblioth\u00e8que municipale, Mus\u00e9e municipal ainsi [&hellip;]\" \/>\n<meta property=\"og:url\" content=\"https:\/\/kultur-radolfzell.de\/fr\/bulletin-dinformation\/\" \/>\n<meta property=\"og:site_name\" content=\"Kultur Radolfzell\" \/>\n<meta property=\"article:modified_time\" content=\"2024-03-27T12:25:38+00:00\" \/>\n<meta name=\"twitter:card\" content=\"summary_large_image\" \/>\n<script type=\"application\/ld+json\" class=\"yoast-schema-graph\">{\"@context\":\"https:\/\/schema.org\",\"@graph\":[{\"@type\":\"WebPage\",\"@id\":\"https:\/\/kultur-radolfzell.de\/fr\/bulletin-dinformation\/\",\"url\":\"https:\/\/kultur-radolfzell.de\/fr\/bulletin-dinformation\/\",\"name\":\"Bulletin d'information | Kultur Radolfzell\",\"isPartOf\":{\"@id\":\"https:\/\/kultur-radolfzell.de\/fr\/#website\"},\"datePublished\":\"2019-01-13T21:54:09+00:00\",\"dateModified\":\"2024-03-27T12:25:38+00:00\",\"breadcrumb\":{\"@id\":\"https:\/\/kultur-radolfzell.de\/fr\/bulletin-dinformation\/#breadcrumb\"},\"inLanguage\":\"fr-FR\",\"potentialAction\":[{\"@type\":\"ReadAction\",\"target\":[\"https:\/\/kultur-radolfzell.de\/fr\/bulletin-dinformation\/\"]}]},{\"@type\":\"BreadcrumbList\",\"@id\":\"https:\/\/kultur-radolfzell.de\/fr\/bulletin-dinformation\/#breadcrumb\",\"itemListElement\":[{\"@type\":\"ListItem\",\"position\":1,\"name\":\"Startseite\",\"item\":\"https:\/\/kultur-radolfzell.de\/fr\/accueil\/\"},{\"@type\":\"ListItem\",\"position\":2,\"name\":\"Bulletin d&#8217;information\"}]},{\"@type\":\"WebSite\",\"@id\":\"https:\/\/kultur-radolfzell.de\/fr\/#website\",\"url\":\"https:\/\/kultur-radolfzell.de\/fr\/\",\"name\":\"Kultur Radolfzell\",\"description\":\"Landingpage\",\"publisher\":{\"@id\":\"https:\/\/kultur-radolfzell.de\/fr\/#organization\"},\"potentialAction\":[{\"@type\":\"SearchAction\",\"target\":{\"@type\":\"EntryPoint\",\"urlTemplate\":\"https:\/\/kultur-radolfzell.de\/fr\/?s={search_term_string}\"},\"query-input\":{\"@type\":\"PropertyValueSpecification\",\"valueRequired\":true,\"valueName\":\"search_term_string\"}}],\"inLanguage\":\"fr-FR\"},{\"@type\":\"Organization\",\"@id\":\"https:\/\/kultur-radolfzell.de\/fr\/#organization\",\"name\":\"Kultur Radolfzell\",\"url\":\"https:\/\/kultur-radolfzell.de\/fr\/\",\"logo\":{\"@type\":\"ImageObject\",\"inLanguage\":\"fr-FR\",\"@id\":\"https:\/\/kultur-radolfzell.de\/fr\/#\/schema\/logo\/image\/\",\"url\":\"https:\/\/kultur-radolfzell.de\/wp-content\/uploads\/2018\/11\/logo.png\",\"contentUrl\":\"https:\/\/kultur-radolfzell.de\/wp-content\/uploads\/2018\/11\/logo.png\",\"width\":500,\"height\":251,\"caption\":\"Kultur Radolfzell\"},\"image\":{\"@id\":\"https:\/\/kultur-radolfzell.de\/fr\/#\/schema\/logo\/image\/\"}}]}<\/script>\n<!-- \/ Yoast SEO plugin. -->","yoast_head_json":{"title":"Bulletin d'information | Kultur Radolfzell","robots":{"index":"index","follow":"follow","max-snippet":"max-snippet:-1","max-image-preview":"max-image-preview:large","max-video-preview":"max-video-preview:-1"},"canonical":"https:\/\/kultur-radolfzell.de\/fr\/bulletin-dinformation\/","og_locale":"fr_FR","og_type":"article","og_title":"Bulletin d'information | Kultur Radolfzell","og_description":"Notre \u00ab\u00a0Newsletter culturelle Radolfzell\u00a0\u00bb des institutions municipales Bureau de la culture, Milchwerk, \u00c9cole de musique, Biblioth\u00e8que municipale, Mus\u00e9e municipal ainsi [&hellip;]","og_url":"https:\/\/kultur-radolfzell.de\/fr\/bulletin-dinformation\/","og_site_name":"Kultur Radolfzell","article_modified_time":"2024-03-27T12:25:38+00:00","twitter_card":"summary_large_image","schema":{"@context":"https:\/\/schema.org","@graph":[{"@type":"WebPage","@id":"https:\/\/kultur-radolfzell.de\/fr\/bulletin-dinformation\/","url":"https:\/\/kultur-radolfzell.de\/fr\/bulletin-dinformation\/","name":"Bulletin d'information | Kultur Radolfzell","isPartOf":{"@id":"https:\/\/kultur-radolfzell.de\/fr\/#website"},"datePublished":"2019-01-13T21:54:09+00:00","dateModified":"2024-03-27T12:25:38+00:00","breadcrumb":{"@id":"https:\/\/kultur-radolfzell.de\/fr\/bulletin-dinformation\/#breadcrumb"},"inLanguage":"fr-FR","potentialAction":[{"@type":"ReadAction","target":["https:\/\/kultur-radolfzell.de\/fr\/bulletin-dinformation\/"]}]},{"@type":"BreadcrumbList","@id":"https:\/\/kultur-radolfzell.de\/fr\/bulletin-dinformation\/#breadcrumb","itemListElement":[{"@type":"ListItem","position":1,"name":"Startseite","item":"https:\/\/kultur-radolfzell.de\/fr\/accueil\/"},{"@type":"ListItem","position":2,"name":"Bulletin d&#8217;information"}]},{"@type":"WebSite","@id":"https:\/\/kultur-radolfzell.de\/fr\/#website","url":"https:\/\/kultur-radolfzell.de\/fr\/","name":"Kultur Radolfzell","description":"Landingpage","publisher":{"@id":"https:\/\/kultur-radolfzell.de\/fr\/#organization"},"potentialAction":[{"@type":"SearchAction","target":{"@type":"EntryPoint","urlTemplate":"https:\/\/kultur-radolfzell.de\/fr\/?s={search_term_string}"},"query-input":{"@type":"PropertyValueSpecification","valueRequired":true,"valueName":"search_term_string"}}],"inLanguage":"fr-FR"},{"@type":"Organization","@id":"https:\/\/kultur-radolfzell.de\/fr\/#organization","name":"Kultur Radolfzell","url":"https:\/\/kultur-radolfzell.de\/fr\/","logo":{"@type":"ImageObject","inLanguage":"fr-FR","@id":"https:\/\/kultur-radolfzell.de\/fr\/#\/schema\/logo\/image\/","url":"https:\/\/kultur-radolfzell.de\/wp-content\/uploads\/2018\/11\/logo.png","contentUrl":"https:\/\/kultur-radolfzell.de\/wp-content\/uploads\/2018\/11\/logo.png","width":500,"height":251,"caption":"Kultur Radolfzell"},"image":{"@id":"https:\/\/kultur-radolfzell.de\/fr\/#\/schema\/logo\/image\/"}}]}},"_links":{"self":[{"href":"https:\/\/kultur-radolfzell.de\/fr\/wp-json\/wp\/v2\/pages\/62594","targetHints":{"allow":["GET"]}}],"collection":[{"href":"https:\/\/kultur-radolfzell.de\/fr\/wp-json\/wp\/v2\/pages"}],"about":[{"href":"https:\/\/kultur-radolfzell.de\/fr\/wp-json\/wp\/v2\/types\/page"}],"author":[{"embeddable":true,"href":"https:\/\/kultur-radolfzell.de\/fr\/wp-json\/wp\/v2\/users\/1"}],"replies":[{"embeddable":true,"href":"https:\/\/kultur-radolfzell.de\/fr\/wp-json\/wp\/v2\/comments?post=62594"}],"version-history":[{"count":1,"href":"https:\/\/kultur-radolfzell.de\/fr\/wp-json\/wp\/v2\/pages\/62594\/revisions"}],"predecessor-version":[{"id":62633,"href":"https:\/\/kultur-radolfzell.de\/fr\/wp-json\/wp\/v2\/pages\/62594\/revisions\/62633"}],"wp:attachment":[{"href":"https:\/\/kultur-radolfzell.de\/fr\/wp-json\/wp\/v2\/media?parent=62594"}],"curies":[{"name":"wp","href":"https:\/\/api.w.org\/{rel}","templated":true}]}}