{"id":62624,"date":"2018-12-15T00:31:28","date_gmt":"2018-12-14T23:31:28","guid":{"rendered":"https:\/\/kultur-radolfzell.de\/accueil\/"},"modified":"2024-03-27T13:25:43","modified_gmt":"2024-03-27T12:25:43","slug":"accueil","status":"publish","type":"page","link":"https:\/\/kultur-radolfzell.de\/fr\/","title":{"rendered":"Accueil"},"content":{"rendered":"<h1 class=\"fcolor\">Art et culture \u00e0 Radolfzell<\/h1>\n<p>Qu&rsquo;il s&rsquo;agisse d&rsquo;expositions d&rsquo;art remarquables \u00e0 la Villa Bosch, de concerts et de repr\u00e9sentations de groupes, de musiciens et d&rsquo;humoristes de renom \u00e0 la laiterie de Radolfzell, de spectacles en plein air directement sur les rives du lac de Constance ou de f\u00eates traditionnelles comme la Hausherrenfest : Radolfzell propose \u00e0 ses citoyens et \u00e0 ses visiteurs une offre culturelle tr\u00e8s diversifi\u00e9e.<\/p>\n<p>Outre des informations g\u00e9n\u00e9rales sur les services culturels de la ville de Radolfzell, vous trouverez sur ces pages un <a href=\"\/veranstaltungen\/\">calendrier d\u00e9taill\u00e9 des manifestations<\/a> et des nouvelles sur les offres et projets culturels actuels.<\/p>\n<p>D&rsquo;ailleurs, le d\u00e9partement de la culture recherche en permanence des stagiaires* \u00e0 temps plein ou \u00e0 temps partiel dans le cadre d&rsquo;un semestre de pratique ou d&rsquo;un stage obligatoire. Vous aimez la culture et \u00eates int\u00e9ress\u00e9(e) par une activit\u00e9 vari\u00e9e dans le domaine culturel communal ? Alors consultez notre mise au concours : <a href=\"https:\/\/kultur-radolfzell.de\/wp-content\/uploads\/2022\/03\/Ausschreibung-Praktika-Fachbereich-Kultur-ab-2022.pdf\" target=\"_blank\" rel=\"noopener\">Appel \u00e0 candidatures pour des stages dans le domaine de la culture \u00e0 partir de 2022<\/a><\/p>\n","protected":false},"excerpt":{"rendered":"<p>Art et culture \u00e0 Radolfzell Qu&rsquo;il s&rsquo;agisse d&rsquo;expositions d&rsquo;art remarquables \u00e0 la Villa Bosch, de concerts et de repr\u00e9sentations de [&hellip;]<\/p>\n","protected":false},"author":1,"featured_media":0,"parent":0,"menu_order":0,"comment_status":"closed","ping_status":"closed","template":"landing-page.php","meta":{"_price":"","_stock":"","_tribe_ticket_header":"","_tribe_default_ticket_provider":"","_ticket_start_date":"","_ticket_end_date":"","_tribe_ticket_show_description":"","_tribe_ticket_show_not_going":false,"_tribe_ticket_use_global_stock":"","_tribe_ticket_global_stock_level":"","_global_stock_mode":"","_global_stock_cap":"","_tribe_rsvp_for_event":"","_tribe_ticket_going_count":"","_tribe_ticket_not_going_count":"","_tribe_tickets_list":"[]","_tribe_ticket_has_attendee_info_fields":false,"footnotes":""},"class_list":["post-62624","page","type-page","status-publish","hentry"],"yoast_head":"<!-- This site is optimized with the Yoast SEO plugin v26.7 - https:\/\/yoast.com\/wordpress\/plugins\/seo\/ -->\n<title>Culture \u00e0 Radolfzell au bord du lac de Constance<\/title>\n<meta name=\"description\" content=\"Programme culturel \u00e0 Radolfzell. Manifestations, concerts, projets culturels et autres informations sur l&#039;engagement culturel de la ville de Radolfzell.\" \/>\n<meta name=\"robots\" content=\"index, follow, max-snippet:-1, max-image-preview:large, max-video-preview:-1\" \/>\n<link rel=\"canonical\" href=\"https:\/\/kultur-radolfzell.de\/fr\/\" \/>\n<meta property=\"og:locale\" content=\"fr_FR\" \/>\n<meta property=\"og:type\" content=\"article\" \/>\n<meta property=\"og:title\" content=\"Culture \u00e0 Radolfzell au bord du lac de Constance\" \/>\n<meta property=\"og:description\" content=\"Programme culturel \u00e0 Radolfzell. Manifestations, concerts, projets culturels et autres informations sur l&#039;engagement culturel de la ville de Radolfzell.\" \/>\n<meta property=\"og:url\" content=\"https:\/\/kultur-radolfzell.de\/fr\/\" \/>\n<meta property=\"og:site_name\" content=\"Kultur Radolfzell\" \/>\n<meta property=\"article:modified_time\" content=\"2024-03-27T12:25:43+00:00\" \/>\n<meta name=\"twitter:card\" content=\"summary_large_image\" \/>\n<meta name=\"twitter:label1\" content=\"Dur\u00e9e de lecture estim\u00e9e\" \/>\n\t<meta name=\"twitter:data1\" content=\"1 minute\" \/>\n<script type=\"application\/ld+json\" class=\"yoast-schema-graph\">{\"@context\":\"https:\/\/schema.org\",\"@graph\":[{\"@type\":\"WebPage\",\"@id\":\"https:\/\/kultur-radolfzell.de\/fr\/\",\"url\":\"https:\/\/kultur-radolfzell.de\/fr\/\",\"name\":\"Culture \u00e0 Radolfzell au bord du lac de Constance\",\"isPartOf\":{\"@id\":\"https:\/\/kultur-radolfzell.de\/fr\/#website\"},\"datePublished\":\"2018-12-14T23:31:28+00:00\",\"dateModified\":\"2024-03-27T12:25:43+00:00\",\"description\":\"Programme culturel \u00e0 Radolfzell. Manifestations, concerts, projets culturels et autres informations sur l'engagement culturel de la ville de Radolfzell.\",\"breadcrumb\":{\"@id\":\"https:\/\/kultur-radolfzell.de\/fr\/#breadcrumb\"},\"inLanguage\":\"fr-FR\",\"potentialAction\":[{\"@type\":\"ReadAction\",\"target\":[\"https:\/\/kultur-radolfzell.de\/fr\/\"]}]},{\"@type\":\"BreadcrumbList\",\"@id\":\"https:\/\/kultur-radolfzell.de\/fr\/#breadcrumb\",\"itemListElement\":[{\"@type\":\"ListItem\",\"position\":1,\"name\":\"Startseite\",\"item\":\"https:\/\/kultur-radolfzell.de\/fr\/accueil\/\"},{\"@type\":\"ListItem\",\"position\":2,\"name\":\"Accueil\"}]},{\"@type\":\"WebSite\",\"@id\":\"https:\/\/kultur-radolfzell.de\/fr\/#website\",\"url\":\"https:\/\/kultur-radolfzell.de\/fr\/\",\"name\":\"Kultur Radolfzell\",\"description\":\"Landingpage\",\"publisher\":{\"@id\":\"https:\/\/kultur-radolfzell.de\/fr\/#organization\"},\"potentialAction\":[{\"@type\":\"SearchAction\",\"target\":{\"@type\":\"EntryPoint\",\"urlTemplate\":\"https:\/\/kultur-radolfzell.de\/fr\/?s={search_term_string}\"},\"query-input\":{\"@type\":\"PropertyValueSpecification\",\"valueRequired\":true,\"valueName\":\"search_term_string\"}}],\"inLanguage\":\"fr-FR\"},{\"@type\":\"Organization\",\"@id\":\"https:\/\/kultur-radolfzell.de\/fr\/#organization\",\"name\":\"Kultur Radolfzell\",\"url\":\"https:\/\/kultur-radolfzell.de\/fr\/\",\"logo\":{\"@type\":\"ImageObject\",\"inLanguage\":\"fr-FR\",\"@id\":\"https:\/\/kultur-radolfzell.de\/fr\/#\/schema\/logo\/image\/\",\"url\":\"https:\/\/kultur-radolfzell.de\/wp-content\/uploads\/2018\/11\/logo.png\",\"contentUrl\":\"https:\/\/kultur-radolfzell.de\/wp-content\/uploads\/2018\/11\/logo.png\",\"width\":500,\"height\":251,\"caption\":\"Kultur Radolfzell\"},\"image\":{\"@id\":\"https:\/\/kultur-radolfzell.de\/fr\/#\/schema\/logo\/image\/\"}}]}<\/script>\n<!-- \/ Yoast SEO plugin. -->","yoast_head_json":{"title":"Culture \u00e0 Radolfzell au bord du lac de Constance","description":"Programme culturel \u00e0 Radolfzell. Manifestations, concerts, projets culturels et autres informations sur l'engagement culturel de la ville de Radolfzell.","robots":{"index":"index","follow":"follow","max-snippet":"max-snippet:-1","max-image-preview":"max-image-preview:large","max-video-preview":"max-video-preview:-1"},"canonical":"https:\/\/kultur-radolfzell.de\/fr\/","og_locale":"fr_FR","og_type":"article","og_title":"Culture \u00e0 Radolfzell au bord du lac de Constance","og_description":"Programme culturel \u00e0 Radolfzell. Manifestations, concerts, projets culturels et autres informations sur l'engagement culturel de la ville de Radolfzell.","og_url":"https:\/\/kultur-radolfzell.de\/fr\/","og_site_name":"Kultur Radolfzell","article_modified_time":"2024-03-27T12:25:43+00:00","twitter_card":"summary_large_image","twitter_misc":{"Dur\u00e9e de lecture estim\u00e9e":"1 minute"},"schema":{"@context":"https:\/\/schema.org","@graph":[{"@type":"WebPage","@id":"https:\/\/kultur-radolfzell.de\/fr\/","url":"https:\/\/kultur-radolfzell.de\/fr\/","name":"Culture \u00e0 Radolfzell au bord du lac de Constance","isPartOf":{"@id":"https:\/\/kultur-radolfzell.de\/fr\/#website"},"datePublished":"2018-12-14T23:31:28+00:00","dateModified":"2024-03-27T12:25:43+00:00","description":"Programme culturel \u00e0 Radolfzell. Manifestations, concerts, projets culturels et autres informations sur l'engagement culturel de la ville de Radolfzell.","breadcrumb":{"@id":"https:\/\/kultur-radolfzell.de\/fr\/#breadcrumb"},"inLanguage":"fr-FR","potentialAction":[{"@type":"ReadAction","target":["https:\/\/kultur-radolfzell.de\/fr\/"]}]},{"@type":"BreadcrumbList","@id":"https:\/\/kultur-radolfzell.de\/fr\/#breadcrumb","itemListElement":[{"@type":"ListItem","position":1,"name":"Startseite","item":"https:\/\/kultur-radolfzell.de\/fr\/accueil\/"},{"@type":"ListItem","position":2,"name":"Accueil"}]},{"@type":"WebSite","@id":"https:\/\/kultur-radolfzell.de\/fr\/#website","url":"https:\/\/kultur-radolfzell.de\/fr\/","name":"Kultur Radolfzell","description":"Landingpage","publisher":{"@id":"https:\/\/kultur-radolfzell.de\/fr\/#organization"},"potentialAction":[{"@type":"SearchAction","target":{"@type":"EntryPoint","urlTemplate":"https:\/\/kultur-radolfzell.de\/fr\/?s={search_term_string}"},"query-input":{"@type":"PropertyValueSpecification","valueRequired":true,"valueName":"search_term_string"}}],"inLanguage":"fr-FR"},{"@type":"Organization","@id":"https:\/\/kultur-radolfzell.de\/fr\/#organization","name":"Kultur Radolfzell","url":"https:\/\/kultur-radolfzell.de\/fr\/","logo":{"@type":"ImageObject","inLanguage":"fr-FR","@id":"https:\/\/kultur-radolfzell.de\/fr\/#\/schema\/logo\/image\/","url":"https:\/\/kultur-radolfzell.de\/wp-content\/uploads\/2018\/11\/logo.png","contentUrl":"https:\/\/kultur-radolfzell.de\/wp-content\/uploads\/2018\/11\/logo.png","width":500,"height":251,"caption":"Kultur Radolfzell"},"image":{"@id":"https:\/\/kultur-radolfzell.de\/fr\/#\/schema\/logo\/image\/"}}]}},"_links":{"self":[{"href":"https:\/\/kultur-radolfzell.de\/fr\/wp-json\/wp\/v2\/pages\/62624","targetHints":{"allow":["GET"]}}],"collection":[{"href":"https:\/\/kultur-radolfzell.de\/fr\/wp-json\/wp\/v2\/pages"}],"about":[{"href":"https:\/\/kultur-radolfzell.de\/fr\/wp-json\/wp\/v2\/types\/page"}],"author":[{"embeddable":true,"href":"https:\/\/kultur-radolfzell.de\/fr\/wp-json\/wp\/v2\/users\/1"}],"replies":[{"embeddable":true,"href":"https:\/\/kultur-radolfzell.de\/fr\/wp-json\/wp\/v2\/comments?post=62624"}],"version-history":[{"count":1,"href":"https:\/\/kultur-radolfzell.de\/fr\/wp-json\/wp\/v2\/pages\/62624\/revisions"}],"predecessor-version":[{"id":68060,"href":"https:\/\/kultur-radolfzell.de\/fr\/wp-json\/wp\/v2\/pages\/62624\/revisions\/68060"}],"wp:attachment":[{"href":"https:\/\/kultur-radolfzell.de\/fr\/wp-json\/wp\/v2\/media?parent=62624"}],"curies":[{"name":"wp","href":"https:\/\/api.w.org\/{rel}","templated":true}]}}